{"id":129665,"date":"2026-04-08T13:43:23","date_gmt":"2026-04-08T13:43:23","guid":{"rendered":"https:\/\/www.maestrini.it\/?page_id=129665"},"modified":"2026-04-09T14:47:38","modified_gmt":"2026-04-09T14:47:38","slug":"company-overview","status":"publish","type":"page","link":"https:\/\/www.maestrini.it\/en\/company-overview\/","title":{"rendered":"Company Overview"},"content":{"rendered":"<section class=\"vc_row wpb_row vc_row-fluid fr-bigfirstimage vc_custom_1735337176643\"><div class=\"wpb_column vc_column_container col-xs-mobile-fullwidth vc_col-sm-12\"><div class=\"vc_column-inner\"><div class=\"wpb_wrapper\">[vc_raw_html]JTNDZGl2JTIwY2xhc3MlM0QlMjJpZnJhbWUtY29udGFpbmVyJTIyJTNFJTBBJTIwJTIwJTIwJTIwJTNDaWZyYW1lJTIwJTBBJTIwJTIwJTIwJTIwJTIwJTIwJTIwJTIwc3JjJTNEJTIyaHR0cHMlM0ElMkYlMkZ3d3cubWFlc3RyaW5pLml0JTJGbWFlc3RyaW5pX3NpdGUlMkZNYWVzdHJpbmlfbW9ub2dyYWZpYV9FTkdfc2ZvZ2xpYWJpbGUlMkZNYWVzdHJpbmlfbW9ub2dyYWZpYV9FTkdfc2ZvZ2xpYWJpbGUuaHRtbCUyMiUyMCUwQSUyMCUyMCUyMCUyMCUyMCUyMCUyMCUyMHRpdGxlJTNEJTIyRGVzY3JpemlvbmUlMjBjb250ZW51dG8lMjIlMEElMjAlMjAlMjAlMjAlMjAlMjAlMjAlMjBhbGxvd2Z1bGxzY3JlZW4lM0UlMEElMjAlMjAlMjAlMjAlM0MlMkZpZnJhbWUlM0UlMEElM0MlMkZkaXYlM0UlMEElMEElM0NzdHlsZSUzRSUwQSUyMCUyMCUyMCUyMC5pZnJhbWUtY29udGFpbmVyJTIwJTdCJTBBJTIwJTIwJTIwJTIwJTIwJTIwJTIwJTIwd2lkdGglM0ElMjAxMDAlMjUlM0IlMjAlMjAlMjAlMjAlMjAlMjAlMjAlMkYlMkElMjBPY2N1cGElMjB0dXR0YSUyMGxhJTIwbGFyZ2hlenphJTIwZGVsJTIwY29udGVuaXRvcmUlMjBwYWRyZSUyMCUyQSUyRiUwQSUyMCUyMCUyMCUyMCUyMCUyMCUyMCUyMG1hcmdpbiUzQSUyMDAlMjBhdXRvJTNCJTIwJTIwJTIwJTIwJTJGJTJBJTIwQ2VudHJhJTIwbCUyN2lmcmFtZSUyMHNlJTIwJUMzJUE4JTIwcGklQzMlQjklMjBwaWNjb2xvJTIwZGVsJTIwY29udGVuaXRvcmUlMjAlMkElMkYlMEElMjAlMjAlMjAlMjAlN0QlMEElMEElMjAlMjAlMjAlMjAuaWZyYW1lLWNvbnRhaW5lciUyMGlmcmFtZSUyMCU3QiUwQSUyMCUyMCUyMCUyMCUyMCUyMCUyMCUyMHdpZHRoJTNBJTIwMTAwJTI1JTNCJTBBJTIwJTIwJTIwJTIwJTIwJTIwJTIwJTIwYXNwZWN0LXJhdGlvJTNBJTIwMTYlMjAlMkYlMjA5JTNCJTIwJTJGJTJBJTIwTWFudGllbmUlMjBsZSUyMHByb3Bvcnppb25pJTIwJTI4cHVvaSUyMHVzYXJlJTIwNCUyRjMlMkMlMjAxJTJGMSUyQyUyMGVjYy4lMjklMjAlMkElMkYlMEElMjAlMjAlMjAlMjAlMjAlMjAlMjAlMjBib3JkZXIlM0ElMjBub25lJTNCJTBBJTIwJTIwJTIwJTIwJTIwJTIwJTIwJTIwYm9yZGVyLXJhZGl1cyUzQSUyMDhweCUzQiUyMCUyMCUyMCUyRiUyQSUyMCUyOE9wemlvbmFsZSUyOSUyMEFycm90b25kYSUyMGdsaSUyMGFuZ29saSUyMCUyQSUyRiUwQSUyMCUyMCUyMCUyMCUyMCUyMCUyMCUyMGRpc3BsYXklM0ElMjBibG9jayUzQiUwQSUyMCUyMCUyMCUyMCU3RCUwQSU0MG1lZGlhJTIwJTI4bWF4LXdpZHRoJTNBJTIwNzcwcHglMjklMjAlN0IlMEElMjAlMjAlMjAlMjAuaWZyYW1lLWNvbnRhaW5lciUyMCU3QiUwQSUyMCUyMCUyMCUyMCUyMCUyMCUyMCUyMHdpZHRoJTNBJTIwYXV0byUzQiUyMCUyMCUyMCUyMCUyMCUyMCUyRiUyQSUyMFBlcm1ldHRlJTIwYWwlMjBtYXJnaW5lJTIwZGklMjAlMjJzcGluZ2VyZSUyMiUyMGlsJTIwY29udGVuaXRvcmUlMjAlMkElMkYlMEElMjAlMjAlMjAlMjAlMjAlMjAlMjAlMjBtYXJnaW4tdG9wJTNBJTIwMzBweCUzQiUyMCUyMCUyMCUyMCUyMCUyRiUyQSUyMEFwcGxpY2ElMjAyMHB4JTIwZGklMjBzcGF6aW8lMjBzdSUyMHR1dHRpJTIwaSUyMGxhdGklMjAlMkElMkYlMEElMjAlMjAlMjAlMjAlN0QlMEElN0QlMEElM0MlMkZzdHlsZSUzRQ==[\/vc_raw_html]<\/div><\/div><\/div><\/section>\n","protected":false},"excerpt":{"rendered":"[vc_raw_html]JTNDZGl2JTIwY2xhc3MlM0QlMjJpZnJhbWUtY29udGFpbmVyJTIyJTNFJTBBJTIwJTIwJTIwJTIwJTNDaWZyYW1lJTIwJTBBJTIwJTIwJTIwJTIwJTIwJTIwJTIwJTIwc3JjJTNEJTIyaHR0cHMlM0ElMkYlMkZ3d3cubWFlc3RyaW5pLml0JTJGbWFlc3RyaW5pX3NpdGUlMkZNYWVzdHJpbmlfbW9ub2dyYWZpYV9FTkdfc2ZvZ2xpYWJpbGUlMkZNYWVzdHJpbmlfbW9ub2dyYWZpYV9FTkdfc2ZvZ2xpYWJpbGUuaHRtbCUyMiUyMCUwQSUyMCUyMCUyMCUyMCUyMCUyMCUyMCUyMHRpdGxlJTNEJTIyRGVzY3JpemlvbmUlMjBjb250ZW51dG8lMjIlMEElMjAlMjAlMjAlMjAlMjAlMjAlMjAlMjBhbGxvd2Z1bGxzY3JlZW4lM0UlMEElMjAlMjAlMjAlMjAlM0MlMkZpZnJhbWUlM0UlMEElM0MlMkZkaXYlM0UlMEElMEElM0NzdHlsZSUzRSUwQSUyMCUyMCUyMCUyMC5pZnJhbWUtY29udGFpbmVyJTIwJTdCJTBBJTIwJTIwJTIwJTIwJTIwJTIwJTIwJTIwd2lkdGglM0ElMjAxMDAlMjUlM0IlMjAlMjAlMjAlMjAlMjAlMjAlMjAlMkYlMkElMjBPY2N1cGElMjB0dXR0YSUyMGxhJTIwbGFyZ2hlenphJTIwZGVsJTIwY29udGVuaXRvcmUlMjBwYWRyZSUyMCUyQSUyRiUwQSUyMCUyMCUyMCUyMCUyMCUyMCUyMCUyMG1hcmdpbiUzQSUyMDAlMjBhdXRvJTNCJTIwJTIwJTIwJTIwJTJGJTJBJTIwQ2VudHJhJTIwbCUyN2lmcmFtZSUyMHNlJTIwJUMzJUE4JTIwcGklQzMlQjklMjBwaWNjb2xvJTIwZGVsJTIwY29udGVuaXRvcmUlMjAlMkElMkYlMEElMjAlMjAlMjAlMjAlN0QlMEElMEElMjAlMjAlMjAlMjAuaWZyYW1lLWNvbnRhaW5lciUyMGlmcmFtZSUyMCU3QiUwQSUyMCUyMCUyMCUyMCUyMCUyMCUyMCUyMHdpZHRoJTNBJTIwMTAwJTI1JTNCJTBBJTIwJTIwJTIwJTIwJTIwJTIwJTIwJTIwYXNwZWN0LXJhdGlvJTNBJTIwMTYlMjAlMkYlMjA5JTNCJTIwJTJGJTJBJTIwTWFudGllbmUlMjBsZSUyMHByb3Bvcnppb25pJTIwJTI4cHVvaSUyMHVzYXJlJTIwNCUyRjMlMkMlMjAxJTJGMSUyQyUyMGVjYy4lMjklMjAlMkElMkYlMEElMjAlMjAlMjAlMjAlMjAlMjAlMjAlMjBib3JkZXIlM0ElMjBub25lJTNCJTBBJTIwJTIwJTIwJTIwJTIwJTIwJTIwJTIwYm9yZGVyLXJhZGl1cyUzQSUyMDhweCUzQiUyMCUyMCUyMCUyRiUyQSUyMCUyOE9wemlvbmFsZSUyOSUyMEFycm90b25kYSUyMGdsaSUyMGFuZ29saSUyMCUyQSUyRiUwQSUyMCUyMCUyMCUyMCUyMCUyMCUyMCUyMGRpc3BsYXklM0ElMjBibG9jayUzQiUwQSUyMCUyMCUyMCUyMCU3RCUwQSU0MG1lZGlhJTIwJTI4bWF4LXdpZHRoJTNBJTIwNzcwcHglMjklMjAlN0IlMEElMjAlMjAlMjAlMjAuaWZyYW1lLWNvbnRhaW5lciUyMCU3QiUwQSUyMCUyMCUyMCUyMCUyMCUyMCUyMCUyMHdpZHRoJTNBJTIwYXV0byUzQiUyMCUyMCUyMCUyMCUyMCUyMCUyRiUyQSUyMFBlcm1ldHRlJTIwYWwlMjBtYXJnaW5lJTIwZGklMjAlMjJzcGluZ2VyZSUyMiUyMGlsJTIwY29udGVuaXRvcmUlMjAlMkElMkYlMEElMjAlMjAlMjAlMjAlMjAlMjAlMjAlMjBtYXJnaW4tdG9wJTNBJTIwMzBweCUzQiUyMCUyMCUyMCUyMCUyMCUyRiUyQSUyMEFwcGxpY2ElMjAyMHB4JTIwZGklMjBzcGF6aW8lMjBzdSUyMHR1dHRpJTIwaSUyMGxhdGklMjAlMkElMkYlMEElMjAlMjAlMjAlMjAlN0QlMEElN0QlMEElM0MlMkZzdHlsZSUzRQ==[\/vc_raw_html]","protected":false},"author":1,"featured_media":0,"parent":0,"menu_order":0,"comment_status":"closed","ping_status":"closed","template":"","meta":{"_acf_changed":false,"footnotes":""},"class_list":["post-129665","page","type-page","status-publish","hentry"],"acf":[],"yoast_head":"<!-- This site is optimized with the Yoast SEO plugin v27.2 - https:\/\/yoast.com\/product\/yoast-seo-wordpress\/ -->\n<title>Maestrini qualit\u00e0 e tecnologia<\/title>\n<meta name=\"description\" content=\"Maestrini: Qualit\u00e0 e tecnologia. Con materiali di alta qualit\u00e0 e attenti controlli produttivi, ogni prodotto garantisce durata e performance\" \/>\n<meta name=\"robots\" content=\"index, follow, max-snippet:-1, max-image-preview:large, max-video-preview:-1\" \/>\n<link rel=\"canonical\" href=\"https:\/\/www.maestrini.it\/en\/company-overview\/\" \/>\n<meta property=\"og:locale\" content=\"en_US\" \/>\n<meta property=\"og:type\" content=\"article\" \/>\n<meta property=\"og:title\" content=\"Maestrini qualit\u00e0 e tecnologia\" \/>\n<meta property=\"og:description\" content=\"Maestrini: Qualit\u00e0 e tecnologia. Con materiali di alta qualit\u00e0 e attenti controlli produttivi, ogni prodotto garantisce durata e performance\" \/>\n<meta property=\"og:url\" content=\"https:\/\/www.maestrini.it\/en\/company-overview\/\" \/>\n<meta property=\"og:site_name\" content=\"Maestrini s.r.l.\" \/>\n<meta property=\"article:publisher\" content=\"https:\/\/www.facebook.com\/maestrinisrl\" \/>\n<meta property=\"article:modified_time\" content=\"2026-04-09T14:47:38+00:00\" \/>\n<meta name=\"twitter:card\" content=\"summary_large_image\" \/>\n<meta name=\"twitter:label1\" content=\"Est. reading time\" \/>\n\t<meta name=\"twitter:data1\" content=\"1 minute\" \/>\n<script type=\"application\/ld+json\" class=\"yoast-schema-graph\">{\"@context\":\"https:\/\/schema.org\",\"@graph\":[{\"@type\":\"WebPage\",\"@id\":\"https:\/\/www.maestrini.it\/en\/company-overview\/\",\"url\":\"https:\/\/www.maestrini.it\/en\/company-overview\/\",\"name\":\"Maestrini qualit\u00e0 e tecnologia\",\"isPartOf\":{\"@id\":\"https:\/\/www.maestrini.it\/en\/#website\"},\"datePublished\":\"2026-04-08T13:43:23+00:00\",\"dateModified\":\"2026-04-09T14:47:38+00:00\",\"description\":\"Maestrini: Qualit\u00e0 e tecnologia. Con materiali di alta qualit\u00e0 e attenti controlli produttivi, ogni prodotto garantisce durata e performance\",\"breadcrumb\":{\"@id\":\"https:\/\/www.maestrini.it\/en\/company-overview\/#breadcrumb\"},\"inLanguage\":\"en-US\",\"potentialAction\":[{\"@type\":\"ReadAction\",\"target\":[\"https:\/\/www.maestrini.it\/en\/company-overview\/\"]}]},{\"@type\":\"BreadcrumbList\",\"@id\":\"https:\/\/www.maestrini.it\/en\/company-overview\/#breadcrumb\",\"itemListElement\":[{\"@type\":\"ListItem\",\"position\":1,\"name\":\"Home\",\"item\":\"https:\/\/www.maestrini.it\/en\/\"},{\"@type\":\"ListItem\",\"position\":2,\"name\":\"Company Overview\"}]},{\"@type\":\"WebSite\",\"@id\":\"https:\/\/www.maestrini.it\/en\/#website\",\"url\":\"https:\/\/www.maestrini.it\/en\/\",\"name\":\"Maestrini s.r.l.\",\"description\":\"RACCORDI, ACCESSORI NAUTICI, VALVOLE, PRESE A MARE\",\"publisher\":{\"@id\":\"https:\/\/www.maestrini.it\/en\/#organization\"},\"potentialAction\":[{\"@type\":\"SearchAction\",\"target\":{\"@type\":\"EntryPoint\",\"urlTemplate\":\"https:\/\/www.maestrini.it\/en\/?s={search_term_string}\"},\"query-input\":{\"@type\":\"PropertyValueSpecification\",\"valueRequired\":true,\"valueName\":\"search_term_string\"}}],\"inLanguage\":\"en-US\"},{\"@type\":\"Organization\",\"@id\":\"https:\/\/www.maestrini.it\/en\/#organization\",\"name\":\"Maestrini s.r.l.\",\"url\":\"https:\/\/www.maestrini.it\/en\/\",\"logo\":{\"@type\":\"ImageObject\",\"inLanguage\":\"en-US\",\"@id\":\"https:\/\/www.maestrini.it\/en\/#\/schema\/logo\/image\/\",\"url\":\"https:\/\/www.maestrini.it\/maestrini_site\/wp-content\/uploads\/2022\/10\/logo_menu.jpg\",\"contentUrl\":\"https:\/\/www.maestrini.it\/maestrini_site\/wp-content\/uploads\/2022\/10\/logo_menu.jpg\",\"width\":250,\"height\":95,\"caption\":\"Maestrini s.r.l.\"},\"image\":{\"@id\":\"https:\/\/www.maestrini.it\/en\/#\/schema\/logo\/image\/\"},\"sameAs\":[\"https:\/\/www.facebook.com\/maestrinisrl\",\"https:\/\/www.instagram.com\/maestrini_srl\/?hl=it\",\"https:\/\/www.youtube.com\/@maestrinisrl1964\"]}]}<\/script>\n<!-- \/ Yoast SEO plugin. -->","yoast_head_json":{"title":"Maestrini qualit\u00e0 e tecnologia","description":"Maestrini: Qualit\u00e0 e tecnologia. Con materiali di alta qualit\u00e0 e attenti controlli produttivi, ogni prodotto garantisce durata e performance","robots":{"index":"index","follow":"follow","max-snippet":"max-snippet:-1","max-image-preview":"max-image-preview:large","max-video-preview":"max-video-preview:-1"},"canonical":"https:\/\/www.maestrini.it\/en\/company-overview\/","og_locale":"en_US","og_type":"article","og_title":"Maestrini qualit\u00e0 e tecnologia","og_description":"Maestrini: Qualit\u00e0 e tecnologia. Con materiali di alta qualit\u00e0 e attenti controlli produttivi, ogni prodotto garantisce durata e performance","og_url":"https:\/\/www.maestrini.it\/en\/company-overview\/","og_site_name":"Maestrini s.r.l.","article_publisher":"https:\/\/www.facebook.com\/maestrinisrl","article_modified_time":"2026-04-09T14:47:38+00:00","twitter_card":"summary_large_image","twitter_misc":{"Est. reading time":"1 minute"},"schema":{"@context":"https:\/\/schema.org","@graph":[{"@type":"WebPage","@id":"https:\/\/www.maestrini.it\/en\/company-overview\/","url":"https:\/\/www.maestrini.it\/en\/company-overview\/","name":"Maestrini qualit\u00e0 e tecnologia","isPartOf":{"@id":"https:\/\/www.maestrini.it\/en\/#website"},"datePublished":"2026-04-08T13:43:23+00:00","dateModified":"2026-04-09T14:47:38+00:00","description":"Maestrini: Qualit\u00e0 e tecnologia. Con materiali di alta qualit\u00e0 e attenti controlli produttivi, ogni prodotto garantisce durata e performance","breadcrumb":{"@id":"https:\/\/www.maestrini.it\/en\/company-overview\/#breadcrumb"},"inLanguage":"en-US","potentialAction":[{"@type":"ReadAction","target":["https:\/\/www.maestrini.it\/en\/company-overview\/"]}]},{"@type":"BreadcrumbList","@id":"https:\/\/www.maestrini.it\/en\/company-overview\/#breadcrumb","itemListElement":[{"@type":"ListItem","position":1,"name":"Home","item":"https:\/\/www.maestrini.it\/en\/"},{"@type":"ListItem","position":2,"name":"Company Overview"}]},{"@type":"WebSite","@id":"https:\/\/www.maestrini.it\/en\/#website","url":"https:\/\/www.maestrini.it\/en\/","name":"Maestrini s.r.l.","description":"RACCORDI, ACCESSORI NAUTICI, VALVOLE, PRESE A MARE","publisher":{"@id":"https:\/\/www.maestrini.it\/en\/#organization"},"potentialAction":[{"@type":"SearchAction","target":{"@type":"EntryPoint","urlTemplate":"https:\/\/www.maestrini.it\/en\/?s={search_term_string}"},"query-input":{"@type":"PropertyValueSpecification","valueRequired":true,"valueName":"search_term_string"}}],"inLanguage":"en-US"},{"@type":"Organization","@id":"https:\/\/www.maestrini.it\/en\/#organization","name":"Maestrini s.r.l.","url":"https:\/\/www.maestrini.it\/en\/","logo":{"@type":"ImageObject","inLanguage":"en-US","@id":"https:\/\/www.maestrini.it\/en\/#\/schema\/logo\/image\/","url":"https:\/\/www.maestrini.it\/maestrini_site\/wp-content\/uploads\/2022\/10\/logo_menu.jpg","contentUrl":"https:\/\/www.maestrini.it\/maestrini_site\/wp-content\/uploads\/2022\/10\/logo_menu.jpg","width":250,"height":95,"caption":"Maestrini s.r.l."},"image":{"@id":"https:\/\/www.maestrini.it\/en\/#\/schema\/logo\/image\/"},"sameAs":["https:\/\/www.facebook.com\/maestrinisrl","https:\/\/www.instagram.com\/maestrini_srl\/?hl=it","https:\/\/www.youtube.com\/@maestrinisrl1964"]}]}},"_links":{"self":[{"href":"https:\/\/www.maestrini.it\/en\/wp-json\/wp\/v2\/pages\/129665","targetHints":{"allow":["GET"]}}],"collection":[{"href":"https:\/\/www.maestrini.it\/en\/wp-json\/wp\/v2\/pages"}],"about":[{"href":"https:\/\/www.maestrini.it\/en\/wp-json\/wp\/v2\/types\/page"}],"author":[{"embeddable":true,"href":"https:\/\/www.maestrini.it\/en\/wp-json\/wp\/v2\/users\/1"}],"replies":[{"embeddable":true,"href":"https:\/\/www.maestrini.it\/en\/wp-json\/wp\/v2\/comments?post=129665"}],"version-history":[{"count":2,"href":"https:\/\/www.maestrini.it\/en\/wp-json\/wp\/v2\/pages\/129665\/revisions"}],"predecessor-version":[{"id":129679,"href":"https:\/\/www.maestrini.it\/en\/wp-json\/wp\/v2\/pages\/129665\/revisions\/129679"}],"wp:attachment":[{"href":"https:\/\/www.maestrini.it\/en\/wp-json\/wp\/v2\/media?parent=129665"}],"curies":[{"name":"wp","href":"https:\/\/api.w.org\/{rel}","templated":true}]}}